{"id":1546,"date":"2025-04-29T17:49:46","date_gmt":"2025-04-29T17:49:46","guid":{"rendered":"https:\/\/techscope.ai\/?page_id=1546"},"modified":"2025-04-30T13:51:46","modified_gmt":"2025-04-30T13:51:46","slug":"quienes-somos","status":"publish","type":"page","link":"https:\/\/techscope.ai\/?page_id=1546","title":{"rendered":"Qui\u00e9nes Somos"},"content":{"rendered":"\t\t<div data-elementor-type=\"wp-page\" data-elementor-id=\"1546\" class=\"elementor elementor-1546\" data-elementor-post-type=\"page\">\n\t\t\t\t<div class=\"elementor-element elementor-element-0864be0 e-flex e-con-boxed e-con e-parent\" data-id=\"0864be0\" data-element_type=\"container\" data-e-type=\"container\" data-settings=\"{&quot;background_background&quot;:&quot;classic&quot;}\">\n\t\t\t\t\t<div class=\"e-con-inner\">\n\t\t<div class=\"elementor-element elementor-element-37a5359 e-flex e-con-boxed e-con e-child\" data-id=\"37a5359\" data-element_type=\"container\" data-e-type=\"container\">\n\t\t\t\t\t<div class=\"e-con-inner\">\n\t\t\t\t<div class=\"elementor-element elementor-element-32f636e animated-fast elementor-invisible elementor-widget elementor-widget-heading\" data-id=\"32f636e\" data-element_type=\"widget\" data-e-type=\"widget\" data-settings=\"{&quot;_animation&quot;:&quot;fadeInUp&quot;}\" data-widget_type=\"heading.default\">\n\t\t\t\t<div class=\"elementor-widget-container\">\n\t\t\t\t\t<h2 class=\"elementor-heading-title elementor-size-default\">Quienes Somos<\/h2>\t\t\t\t<\/div>\n\t\t\t\t<\/div>\n\t\t\t\t<div class=\"elementor-element elementor-element-89bb58c animated-fast elementor-invisible elementor-widget elementor-widget-text-editor\" data-id=\"89bb58c\" data-element_type=\"widget\" data-e-type=\"widget\" data-settings=\"{&quot;_animation&quot;:&quot;fadeInUp&quot;}\" data-widget_type=\"text-editor.default\">\n\t\t\t\t<div class=\"elementor-widget-container\">\n\t\t\t\t\t\t\t\t\t<p style=\"font-weight: 400;\">TechScope Advisory nace de una idea simple: aprovechar la revoluci\u00f3n tecnol\u00f3gica para construir portafolios de inversi\u00f3n inteligentes, s\u00f3lidos y rentables.<\/p><p style=\"font-weight: 400;\"><br \/>Liderado por Pedro Anastassiou, combinamos an\u00e1lisis estrat\u00e9gico, herramientas de inteligencia artificial y acceso a insights de alto nivel en los sectores m\u00e1s din\u00e1micos del mundo financiero.<\/p><p style=\"font-weight: 400;\"><br \/>Nuestra visi\u00f3n se apoya en la experiencia adquirida a trav\u00e9s de una participaci\u00f3n activa en family offices, endowments y clubes de inversi\u00f3n, complementada por una red de contactos estrat\u00e9gicos en el ecosistema financiero global.<\/p><p style=\"font-weight: 400;\"><br \/>Adem\u00e1s, contamos con la colaboraci\u00f3n de asesores externos y referentes de la industria \u2014expertos en mercados, innovaci\u00f3n y gesti\u00f3n de patrimonio\u2014 que enriquecen la revisi\u00f3n estrat\u00e9gica de nuestras ideas.<\/p><p style=\"font-weight: 400;\"><br \/>Nuestra meta es clara: ayudarte a capturar oportunidades de crecimiento real en una econom\u00eda cada vez m\u00e1s impulsada por la innovaci\u00f3n.<\/p>\t\t\t\t\t\t\t\t<\/div>\n\t\t\t\t<\/div>\n\t\t\t\t\t<\/div>\n\t\t\t\t<\/div>\n\t\t\t\t\t<\/div>\n\t\t\t\t<\/div>\n\t\t\t\t<\/div>\n\t\t","protected":false},"excerpt":{"rendered":"<p>Quienes Somos TechScope Advisory nace de una idea simple: aprovechar la revoluci\u00f3n tecnol\u00f3gica para construir portafolios de inversi\u00f3n inteligentes, s\u00f3lidos y rentables. Liderado por Pedro Anastassiou, combinamos an\u00e1lisis estrat\u00e9gico, herramientas de inteligencia artificial y acceso a insights de alto nivel en los sectores m\u00e1s din\u00e1micos del mundo financiero. Nuestra visi\u00f3n se apoya en la experiencia [&hellip;]<\/p>\n","protected":false},"author":2,"featured_media":0,"parent":0,"menu_order":0,"comment_status":"closed","ping_status":"closed","template":"","meta":{"_acf_changed":false,"footnotes":""},"class_list":["post-1546","page","type-page","status-publish","hentry"],"acf":[],"aioseo_notices":[],"_links":{"self":[{"href":"https:\/\/techscope.ai\/index.php?rest_route=\/wp\/v2\/pages\/1546","targetHints":{"allow":["GET"]}}],"collection":[{"href":"https:\/\/techscope.ai\/index.php?rest_route=\/wp\/v2\/pages"}],"about":[{"href":"https:\/\/techscope.ai\/index.php?rest_route=\/wp\/v2\/types\/page"}],"author":[{"embeddable":true,"href":"https:\/\/techscope.ai\/index.php?rest_route=\/wp\/v2\/users\/2"}],"replies":[{"embeddable":true,"href":"https:\/\/techscope.ai\/index.php?rest_route=%2Fwp%2Fv2%2Fcomments&post=1546"}],"version-history":[{"count":10,"href":"https:\/\/techscope.ai\/index.php?rest_route=\/wp\/v2\/pages\/1546\/revisions"}],"predecessor-version":[{"id":1575,"href":"https:\/\/techscope.ai\/index.php?rest_route=\/wp\/v2\/pages\/1546\/revisions\/1575"}],"wp:attachment":[{"href":"https:\/\/techscope.ai\/index.php?rest_route=%2Fwp%2Fv2%2Fmedia&parent=1546"}],"curies":[{"name":"wp","href":"https:\/\/api.w.org\/{rel}","templated":true}]}}